{"id":290,"date":"2025-09-25T13:53:23","date_gmt":"2025-09-25T13:53:23","guid":{"rendered":"https:\/\/almazarapamisamigos.com\/?page_id=290"},"modified":"2025-09-25T13:53:24","modified_gmt":"2025-09-25T13:53:24","slug":"cookies","status":"publish","type":"page","link":"https:\/\/almazarapamisamigos.com\/?page_id=290","title":{"rendered":"Cookies"},"content":{"rendered":"\n<h2 class=\"wp-block-heading\"><strong>POL\u00cdTICA DE COOKIES<\/strong><\/h2>\n\n\n\n<p>Se comunica a los usuarios, a trav\u00e9s de este aviso, que se utilizan cookies al navegar por las diferentes p\u00e1ginas del sitio web. Durante el uso de nuestra p\u00e1gina web el usuario acepta y autoriza expresamente el uso de cookies, de acuerdo con nuestra pol\u00edtica de privacidad.<\/p>\n\n\n\n<h3 class=\"wp-block-heading\">1.- Qu\u00e9 son las Cookies<\/h3>\n\n\n\n<p>Las cookies son archivos que se pueden descargar en su equipo a trav\u00e9s de las p\u00e1ginas web. Son herramientas que tienen un papel esencial para la prestaci\u00f3n de numerosos servicios de la sociedad de la informaci\u00f3n. Entre otros, permiten a una p\u00e1gina web almacenar y recuperar informaci\u00f3n sobre los h\u00e1bitos de navegaci\u00f3n de un usuario o de su equipo y, dependiendo de la informaci\u00f3n obtenida, se pueden utilizar para reconocer al usuario y mejorar el servicio ofrecido.<\/p>\n\n\n\n<h3 class=\"wp-block-heading\">2.- Tipos de Cookies<\/h3>\n\n\n\n<p>Seg\u00fan quien sea la entidad que gestione el dominio desde donde se env\u00edan las cookies y trate los datos que se obtengan se pueden distinguir dos tipos:<\/p>\n\n\n\n<ul class=\"wp-block-list\">\n<li>cookies propias.<\/li>\n\n\n\n<li>cookies de terceros.<\/li>\n<\/ul>\n\n\n\n<p>Existe tambi\u00e9n una segunda clasificaci\u00f3n seg\u00fan el plazo de tiempo que permanecen almacenadas en el navegador del cliente, pudiendo tratarse de<\/p>\n\n\n\n<ul class=\"wp-block-list\">\n<li>cookies de sesi\u00f3n.<\/li>\n\n\n\n<li>cookies persistentes.<\/li>\n<\/ul>\n\n\n\n<p>Por \u00faltimo, existe otra clasificaci\u00f3n con cinco tipos de cookies seg\u00fan la finalidad para la que se traten los datos obtenidos:<\/p>\n\n\n\n<ul class=\"wp-block-list\">\n<li>cookies t\u00e9cnicas.<\/li>\n\n\n\n<li>cookies de personalizaci\u00f3n.<\/li>\n\n\n\n<li>cookies de an\u00e1lisis.<\/li>\n\n\n\n<li>cookies publicitarias.<\/li>\n\n\n\n<li>cookies de publicidad comportamental.<\/li>\n<\/ul>\n\n\n\n<p>Para m\u00e1s informaci\u00f3n a este respecto puede consultar la&nbsp;<a href=\"http:\/\/www.agpd.es\/portalwebAGPD\/canaldocumentacion\/publicaciones\/common\/Guias\/Guia_Cookies.pdf\">Gu\u00eda sobre el uso de las cookies<\/a>&nbsp;de la Agencia Espa\u00f1ola de Protecci\u00f3n de Datos<\/p>\n\n\n\n<h3 class=\"wp-block-heading\">3.- Cookies utilizadas en esta web.<\/h3>\n\n\n\n<p>A continuaci\u00f3n se identifican las cookies que est\u00e1n siendo utilizadas en este portal as\u00ed como su tipolog\u00eda y funci\u00f3n:<br>Se utilizan cookies de de terceros, persistentes y de an\u00e1lisis de Google Analitycs. Su funci\u00f3n es por una parte almacenar datos estadisticos an\u00f3nimos de su visita a nuestra web, en el caso de las cookies de Google Analitycs.<\/p>\n\n\n\n<h3 class=\"wp-block-heading\">4.- Aceptaci\u00f3n de las Cookies.<\/h3>\n\n\n\n<p>El titular de la p\u00e1gina web asume que usted acepta el uso de cookies. No obstante, muestra informaci\u00f3n sobre su Pol\u00edtica de cookies en la parte superior de cualquier p\u00e1gina del portal con cada inicio de sesi\u00f3n con el objeto de que usted sea consciente. Ante esta informaci\u00f3n es posible llevar a cabo las siguientes acciones:<\/p>\n\n\n\n<ul class=\"wp-block-list\">\n<li>Aceptar cookies. No se volver\u00e1 a visualizar este aviso al acceder a cualquier p\u00e1gina del portal durante la presente sesi\u00f3n.<\/li>\n\n\n\n<li>Rechazar\u00a0 cookies. En este caso entendemos que rechaza el uso de cookies.<\/li>\n<\/ul>\n\n\n\n<h3 class=\"wp-block-heading\">5.- Modificar la configuraci\u00f3n de las Cookies.<\/h3>\n\n\n\n<p>Usted puede restringir, bloquear o borrar las cookies a cualquier otra p\u00e1gina web, utilizando su navegador. En cada navegador la operativa es diferente, la funci\u00f3n de \u201cAyuda\u201d le mostrar\u00e1 c\u00f3mo hacerlo.<\/p>\n\n\n\n<ul class=\"wp-block-list\">\n<li>Internet Explorer: en la opci\u00f3n de men\u00fa Herramientas ->\u00a0\u00a0 Opciones de Internet\u00a0 ->\u00a0\u00a0 Privacidad<br><a href=\"http:\/\/www.windows.microsoft.com\/es-xl\/internet-explorer\/delete-manage-cookies#ie='ie-10'\">windows.microsoft.com\/es-xl\/internet-explorer\/delete-manage-cookies#ie=\u201die-10\u2033.<\/a><\/li>\n\n\n\n<li>FireFox: en la opci\u00f3n de men\u00fa Herramientas -> Opciones -> Privacidad > Cookies.<br><a href=\"http:\/\/www.support.mozilla.org\/es\/kb\/Borrar%20cookies\">support.mozilla.org\/es\/kb\/Borrar%20cookies.<\/a><\/li>\n\n\n\n<li>Chrome: Chrome, en la opci\u00f3n de men\u00fa Configuraci\u00f3n -> Privacidad.<br><a href=\"https:\/\/support.google.com\/chrome\/answer\/95647?hl=es\">support.google.com\/chrome\/answer\/95647?hl=es<\/a><\/li>\n\n\n\n<li>Safari: en la opci\u00f3n de men\u00fa Preferencias -> Seguridad.<br><a href=\"http:\/\/www.apple.com\/es\/privacy\/use-of-cookies\/\">apple.com\/es\/privacy\/use-of-cookies\/<\/a><\/li>\n<\/ul>\n","protected":false},"excerpt":{"rendered":"<p>POL\u00cdTICA DE COOKIES Se comunica a los usuarios, a trav\u00e9s de este aviso, que se utilizan cookies al navegar por las diferentes p\u00e1ginas del sitio web. Durante el uso de nuestra p\u00e1gina web el usuario acepta y autoriza expresamente el uso de cookies, de acuerdo con nuestra pol\u00edtica de privacidad. 1.- Qu\u00e9 son las Cookies [&hellip;]<\/p>\n","protected":false},"author":1,"featured_media":0,"parent":0,"menu_order":0,"comment_status":"closed","ping_status":"closed","template":"","meta":{"_joinchat":[],"footnotes":""},"class_list":["post-290","page","type-page","status-publish","hentry"],"_links":{"self":[{"href":"https:\/\/almazarapamisamigos.com\/index.php?rest_route=\/wp\/v2\/pages\/290","targetHints":{"allow":["GET"]}}],"collection":[{"href":"https:\/\/almazarapamisamigos.com\/index.php?rest_route=\/wp\/v2\/pages"}],"about":[{"href":"https:\/\/almazarapamisamigos.com\/index.php?rest_route=\/wp\/v2\/types\/page"}],"author":[{"embeddable":true,"href":"https:\/\/almazarapamisamigos.com\/index.php?rest_route=\/wp\/v2\/users\/1"}],"replies":[{"embeddable":true,"href":"https:\/\/almazarapamisamigos.com\/index.php?rest_route=%2Fwp%2Fv2%2Fcomments&post=290"}],"version-history":[{"count":1,"href":"https:\/\/almazarapamisamigos.com\/index.php?rest_route=\/wp\/v2\/pages\/290\/revisions"}],"predecessor-version":[{"id":291,"href":"https:\/\/almazarapamisamigos.com\/index.php?rest_route=\/wp\/v2\/pages\/290\/revisions\/291"}],"wp:attachment":[{"href":"https:\/\/almazarapamisamigos.com\/index.php?rest_route=%2Fwp%2Fv2%2Fmedia&parent=290"}],"curies":[{"name":"wp","href":"https:\/\/api.w.org\/{rel}","templated":true}]}}