{"id":288,"date":"2025-09-25T13:52:45","date_gmt":"2025-09-25T13:52:45","guid":{"rendered":"https:\/\/almazarapamisamigos.com\/?page_id=288"},"modified":"2025-09-25T13:52:46","modified_gmt":"2025-09-25T13:52:46","slug":"politicas-de-privacidad","status":"publish","type":"page","link":"https:\/\/almazarapamisamigos.com\/?page_id=288","title":{"rendered":"Pol\u00edticas de privacidad"},"content":{"rendered":"\n<p><strong><em>POL\u00cdTICA DE PROTECCI\u00d3N DE DATOS DE CAR\u00c1CTER PERSONAL<\/em><\/strong><\/p>\n\n\n\n<p>ALJAOLIVA S.L. es una organizaci\u00f3n en la que se dan actividades de tratamientos de datos de car\u00e1cter personal, lo que le atribuye una importante responsabilidad en el dise\u00f1o y organizaci\u00f3n de procedimientos de modo que est\u00e9n alineados con el cumplimiento legal en esta materia. En el ejercicio de estas responsabilidades y con el objeto de establecer los principios generales que deben regir el tratamiento de los datos de car\u00e1cter personal en la empresa, en base al Reglamento (UE) 2016\/679 del Parlamento Europeo y del Consejo, de 27 de abril de 2016, relativo a la protecci\u00f3n de las personas f\u00edsicas en lo que respeta al tratamiento de datos personales ya la libre circulaci\u00f3n de estos datos, dentro del \u00e1mbito de la Uni\u00f3n Europea, a su trasposici\u00f3n para Espa\u00f1a en la Ley Org\u00e1nica 3\/2018, de 5 de diciembre, de Protecci\u00f3n de Datos Personales y garant\u00eda de los derechos digitales, as\u00ed como la adecuaci\u00f3n de cualquier transacci\u00f3n o tratamiento de datos personales a la legislaci\u00f3n de posibles clientes que residan u operen fuera de los l\u00edmites de la UE, aprueba esta pol\u00edtica de protecci\u00f3n de datos, que notifica a sus empleados y pone a disposici\u00f3n de todos sus grupos de inter\u00e9s.<\/p>\n\n\n\n<ol class=\"wp-block-list\">\n<li><strong>Finalidad<\/strong><\/li>\n<\/ol>\n\n\n\n<p>La pol\u00edtica de protecci\u00f3n de datos de car\u00e1cter personal es una medida de responsabilidad proactiva que tiene la finalidad de asegurar el cumplimiento de la legislaci\u00f3n aplicable en esta materia y en relaci\u00f3n a \u00e9sta, el respeto del derecho al honor y a la intimidad en el tratamiento de los datos de car\u00e1cter personal de todas las personas que se relacionan con la empresa. En desarrollo de lo dispuesto en esta pol\u00edtica de protecci\u00f3n de datos de car\u00e1cter personal, se establecen cu\u00e1les son los principios que rigen el tratamiento de datos en la organizaci\u00f3n y en consecuencia, los procedimientos y las medidas organizativas y de seguridad que las personas afectadas por esta pol\u00edtica se comprometen a implementar en su \u00e1mbito de responsabilidad. Con este fin, la direcci\u00f3n asignar\u00e1 las responsabilidades al personal que participa en las operaciones de tratamiento de datos.<\/p>\n\n\n\n<ol start=\"2\" class=\"wp-block-list\">\n<li><strong>\u00c1mbito de aplicaci\u00f3n<\/strong><\/li>\n<\/ol>\n\n\n\n<p>Esta Pol\u00edtica de protecci\u00f3n de datos de car\u00e1cter personal ser\u00e1 de aplicaci\u00f3n a la Empresa, a sus administradores, directivos y empleados, as\u00ed como a todas las personas que se relacionen con ella, con inclusi\u00f3n expresa de los proveedores de servicio con acceso a datos (\u201cEncargados del tratamiento\u201d). El tratamiento de los datos de car\u00e1cter personal que realice la Empresa se basar\u00e1 en lo establecido por la normativa de la Uni\u00f3n Europea, incluyendo datos que pudieran proceder o salir de dicho entorno geogr\u00e1fico. En todo caso, a petici\u00f3n del responsable o titular de los datos procedentes de o enviados a alg\u00fan pa\u00eds fuera de la UE, se estudiar\u00eda adaptar su tratamiento a la legislaci\u00f3n de dicho pa\u00eds, pero siempre respetando la normativa de la UE. Los datos de car\u00e1cter personal jam\u00e1s se enviar\u00e1n a pa\u00edses o regiones en los que no est\u00e9 garantizada su protecci\u00f3n al nivel exigido por la UE.<\/p>\n\n\n\n<ol start=\"3\" class=\"wp-block-list\">\n<li><strong>Principios del tratamiento de los datos de car\u00e1cter personal<\/strong><\/li>\n<\/ol>\n\n\n\n<p>Como principio general, La Empresa cumplir\u00e1 escrupulosamente con la legislaci\u00f3n en materia de protecci\u00f3n de datos de car\u00e1cter personal y debe ser capaz de demostrarlo (Principio de \u00abresponsabilidad proactiva\u00bb), prestando especial atenci\u00f3n a aquellos tratamientos que puedan suponer un mayor riesgo para los derechos de los afectados (Principio de \u00abenfoque de riesgo\u00bb). En relaci\u00f3n a lo expuesto ALJAOLIVA S.L. velar\u00e1 por el cumplimiento de los siguientes Principios:<\/p>\n\n\n\n<ul class=\"wp-block-list\">\n<li>Licitud, lealtad, transparencia y limitaci\u00f3n de la finalidad. El tratamiento de datos siempre deber\u00e1 ser informado al afectado, mediante cl\u00e1usulas y otros procedimientos. S\u00f3lo se considerar\u00e1 leg\u00edtimo si hay consentimiento para el tratamiento de datos (con especial atenci\u00f3n al prestado por los menores de edad), o cuenta con otra legitimaci\u00f3n v\u00e1lida y la finalidad del mismo es acorde a la normativa.<\/li>\n\n\n\n<li>Minimizaci\u00f3n de datos. Los datos tratados deber\u00e1n ser adecuados, pertinentes y limitados a lo necesario en relaci\u00f3n a los fines del tratamiento.<\/li>\n\n\n\n<li>Los datos deber\u00e1n ser exactos y, si fuera necesario, actualizados. A este respecto se adoptar\u00e1n las medidas necesarias para que se supriman o rectifiquen sin dilaci\u00f3n los datos personales que sean inexactos con respecto a los fines del tratamiento.<\/li>\n\n\n\n<li>Limitaci\u00f3n del plazo de conservaci\u00f3n. Los datos ser\u00e1n mantenidos de forma que se permita la identificaci\u00f3n de los interesados durante no m\u00e1s tiempo del necesario para los fines del tratamiento.<\/li>\n\n\n\n<li>Integridad y Confidencialidad. Los datos ser\u00e1n tratados de tal manera que se garantice una seguridad adecuada de los datos personales, incluida la protecci\u00f3n contra el tratamiento no autorizado o il\u00edcito y contra su p\u00e9rdida, destrucci\u00f3n o da\u00f1o accidental, mediante la aplicaci\u00f3n de las medidas t\u00e9cnicas u organizativas apropiadas.<\/li>\n\n\n\n<li>Cesiones de datos. Queda prohibida la compra u obtenci\u00f3n de datos de car\u00e1cter personal de fuentes ileg\u00edtimas o en aquellos casos en los que dichos datos hayan sido recabados o cedidos contraviniendo la ley o no se garantice suficientemente su leg\u00edtima procedencia.<\/li>\n\n\n\n<li>Contrataci\u00f3n de proveedores con acceso a datos. S\u00f3lo se elegir\u00e1n para su contrataci\u00f3n a proveedores que ofrezcan garant\u00edas suficientes para aplicar medidas t\u00e9cnicas y de seguridad apropiadas en el tratamiento de datos. Con estos terceros se documentar\u00e1 el debido Acuerdo a este respecto.<\/li>\n\n\n\n<li>Transferencias internacionales de datos. Todo tratamiento de datos de car\u00e1cter personal sujeto a normativa de la Uni\u00f3n Europea que implique una transferencia de datos fuera del Espacio Econ\u00f3mico Europeo deber\u00e1 llevarse a cabo con estricto cumplimiento de los requisitos establecidos en la ley aplicable.<\/li>\n\n\n\n<li>Derechos de los afectados. La Empresa facilitar\u00e1 a los afectados el ejercicio de los derechos de acceso, rectificaci\u00f3n, supresi\u00f3n, limitaci\u00f3n del tratamiento, oposici\u00f3n y portabilidad, estableciendo a tal efecto los procedimientos internos, y en particular los modelos para su ejercicio que resulten necesarios y oportunos, los cuales deber\u00e1n satisfacer, al menos, los requisitos legales aplicables en cada caso.<\/li>\n<\/ul>\n\n\n\n<p>La Empresa promover\u00e1 que los principios recogidos en esta Pol\u00edtica de protecci\u00f3n de datos de car\u00e1cter personal sean tenidos en cuenta (i) en el dise\u00f1o e implementaci\u00f3n de todos los procedimientos de trabajo, (ii) en los productos y servicios ofrecidos (iii) en todos los contratos y obligaciones que formalicen o asuman y (ii) en la implantaci\u00f3n de cuantos sistemas y plataformas permitan el acceso de empleados o terceros y\/o la recogida o tratamiento de datos de car\u00e1cter personal.<\/p>\n\n\n\n<ol start=\"4\" class=\"wp-block-list\">\n<li><strong>Informaci\u00f3n b\u00e1sica<\/strong><\/li>\n<\/ol>\n\n\n\n<figure class=\"wp-block-table\"><table class=\"has-fixed-layout\"><tbody><tr><td>&nbsp;<\/td><td><strong>INFORMACI\u00d3N B\u00c1SICA SOBRE PROTECCI\u00d3N DE DATOS<\/strong><\/td><\/tr><tr><td>Responsable<\/td><td>Aljaoliva S.L.<\/td><\/tr><tr><td>Finalidad<\/td><td>Gesti\u00f3n de datos para gesti\u00f3n de pedidos (aceite y aceitunas)Gestionar env\u00edo de boletines informativos y\/o publicitarios a clientes (tratamiento como \u201cnewsletter\u201d<\/td><\/tr><tr><td>Legitimaci\u00f3n<\/td><td>Base legal para el tratamiento mediante el consentimiento expl\u00edcito por parte del cliente<\/td><\/tr><tr><td>Destinatarios<\/td><td>No se ceder\u00e1n datos a otros destinos salvo obligaci\u00f3n legal o parte del servicio contratado.<\/td><\/tr><tr><td>Derechos<\/td><td>Acceso, supresi\u00f3n, rectificaci\u00f3n, portabilidad, limitaci\u00f3n, cancelaci\u00f3n y oposici\u00f3n del tratamiento de los datos de car\u00e1cter personal.<\/td><\/tr><tr><td>Procedencia de los datos<\/td><td>El propio interesado o su representante.<\/td><\/tr><tr><td>Informaci\u00f3n Adicional<\/td><td>Puede consultar la informaci\u00f3n adicional detallada sobre Protecci\u00f3n de Datos en nuestra P\u00e1gina Web y solicit\u00e1ndola a los Responsables de Aljaoliva S.L.<\/td><\/tr><tr><td>Car\u00e1cter de los datos<\/td><td>No se tratan datos de Car\u00e1cter Especial<\/td><\/tr><\/tbody><\/table><\/figure>\n\n\n\n<ol start=\"5\" class=\"wp-block-list\">\n<li><strong>Informaci\u00f3n detallada<\/strong><\/li>\n<\/ol>\n\n\n\n<p><strong><u>Responsable<\/u><\/strong><\/p>\n\n\n\n<ul class=\"wp-block-list\">\n<li>Responsable del Tratamiento: \u00a0Aljaoliva S.L.<\/li>\n<\/ul>\n\n\n\n<p>C\/Rafael Alberti 841909 \u2013 Salteras (Sevilla)<\/p>\n\n\n\n<p>CIF: B91222729<\/p>\n\n\n\n<ul class=\"wp-block-list\">\n<li>Representante: Agust\u00edn Iglesia Fern\u00e1ndez<\/li>\n<\/ul>\n\n\n\n<p>Tfno: 618128558<\/p>\n\n\n\n<p>Correo electr\u00f3nico: aiglesiafdez@aljaoliva.com<\/p>\n\n\n\n<p><strong><u>Finalidad<\/u><\/strong><\/p>\n\n\n\n<p>Seg\u00fan el \u201cprincipio de limitaci\u00f3n de la finalidad\u201d, los datos ser\u00e1n recogidos exclusivamente para la realizaci\u00f3n del servicio contratado por el cliente. No existir\u00e1 ning\u00fan tratamiento ulterior de los datos obtenidos, ni decisiones automatizadas (por ejemplo, elaboraci\u00f3n de perfiles).<\/p>\n\n\n\n<p>Los datos ser\u00e1n conservados, al menos, mientras que se mantenga una relaci\u00f3n entre ambas partes y no sea solicitada la supresi\u00f3n por el interesado. De no existir ninguna solicitud por escrito por parte del interesado, a partir de los tres a\u00f1os, dichos datos pueden ser destruidos.<\/p>\n\n\n\n<p><strong><u>Legitimaci\u00f3n<\/u><\/strong><\/p>\n\n\n\n<p>La base legal para el tratamiento de los datos personales es el consentimiento expreso por parte del cliente o de su representante, as\u00ed como la posible ejecuci\u00f3n del contrato o acuerdo que se hubiera subscrito con Aljaoliva S.L.<\/p>\n\n\n\n<p><strong><u>Destinatarios<\/u><\/strong><\/p>\n\n\n\n<p>Aljaoliva S.L. no tiene previsto ceder los datos obtenidos a terceros, salvo cuando exista imperativo legal. No se transferir\u00e1n los datos fuera del \u00e1mbito de la UE.<\/p>\n\n\n\n<p><strong><u>Derechos<\/u><\/strong><\/p>\n\n\n\n<p>Los derechos relacionados por el RGDP son:<\/p>\n\n\n\n<ul class=\"wp-block-list\">\n<li>Derecho a solicitar el acceso a los datos personales relativos al interesado,<\/li>\n\n\n\n<li>Derecho a solicitar su rectificaci\u00f3n o supresi\u00f3n,<\/li>\n\n\n\n<li>Derecho a solicitar la limitaci\u00f3n de su tratamiento<\/li>\n\n\n\n<li>Derecho a oponerse al tratamiento,<\/li>\n\n\n\n<li>Derecho a la portabilidad de los datos;<\/li>\n<\/ul>\n\n\n\n<p>En la p\u00e1gina web de Almazara Pamisamigos (www.almazarapamisamigos.com), as\u00ed como consultando al Responsable, se puede obtener la informaci\u00f3n clara y concisa sobre c\u00f3mo puede el interesado ejercer materialmente estos derechos. B\u00e1sicamente ser\u00eda mediante interposici\u00f3n de un escrito en cualquiera de los locales o a trav\u00e9s del correo electr\u00f3nico de la Representante de la empresa: aiglesiafdez@aljaoliva.com<\/p>\n\n\n\n<p>Si se creyera conveniente, se podr\u00eda redirigir al interesado a la Autoridad de Control competente para obtener informaci\u00f3n adicional acerca de sus derechos.<\/p>\n\n\n\n<p>Tambi\u00e9n se informa, en el caso de que se haya otorgado el consentimiento para alguna finalidad espec\u00edfica, que tiene derecho a retirar el consentimiento en cualquier momento, sin que ello afecte a la licitud del tratamiento basado en el consentimiento previo a su retirada.<\/p>\n\n\n\n<p>Por \u00faltimo, se informa a los interesados de que pueden presentar una reclamaci\u00f3n ante la Autoridad de Control en materia de Protecci\u00f3n de Datos competente, especialmente cuando no haya obtenido satisfacci\u00f3n en el ejercicio de sus derechos, y la forma de ponerse en contacto con ella.<\/p>\n\n\n\n<p><strong><u>Procedencia<\/u><\/strong><\/p>\n\n\n\n<p>La procedencia de datos que trata Aljaoliva S.L. se circunscribe a la propia cesi\u00f3n por parte del interesado o de su representante, a la labor del personal de la empresa o a la aportaci\u00f3n de colaboradores externos con un acuerdo de cesi\u00f3n leg\u00edtima. En el caso de que puntualmente los datos se obtuvieran de otra fuente distinta, se informa al afectado mediante correo electr\u00f3nico o mediante registro con acuse de recibo de quien aporta la informaci\u00f3n.<\/p>\n\n\n\n<p><strong><u>Control y evaluaci\u00f3n<\/u><\/strong><\/p>\n\n\n\n<p>La Direcci\u00f3n debe supervisar el cumplimiento de lo dispuesto en esta Pol\u00edtica de Protecci\u00f3n de Datos Personales. Para verificar el cumplimiento de esta Pol\u00edtica de protecci\u00f3n de datos personales se realizar\u00e1n auditor\u00edas peri\u00f3dicas con auditores internos o externos.<\/p>\n\n\n\n<p>La Direcci\u00f3n garantizar\u00e1 que se evaluar\u00e1, al menos una vez al a\u00f1o, el cumplimiento y la eficacia de esta Pol\u00edtica de Protecci\u00f3n de Datos Personales.<\/p>\n\n\n\n<ol start=\"6\" class=\"wp-block-list\">\n<li><strong>Compromiso de los trabajadores<\/strong><\/li>\n<\/ol>\n\n\n\n<p>Los trabajadores son informados de la presente pol\u00edtica y se declaran conscientes de que la informaci\u00f3n de car\u00e1cter personal es un activo de la empresa, y a este respecto se adhieren a ella, comprometi\u00e9ndose a lo siguiente:<\/p>\n\n\n\n<ul class=\"wp-block-list\">\n<li>Realizar la formaci\u00f3n de sensibilizaci\u00f3n en protecci\u00f3n de datos que la empresa pone a su disposici\u00f3n.<\/li>\n\n\n\n<li>Aplicar las medidas de seguridad a nivel de usuario que apliquen a su puesto de trabajo, sin perjuicio de las responsabilidades en su dise\u00f1o e implantaci\u00f3n que se puedan pudieran atribu\u00edrsele en funci\u00f3n de su rol dentro de ALJAOLIVA S.L.<\/li>\n\n\n\n<li>Utilizar los formatos establecidos para el ejercicio de derechos por parte de los afectados e informar a la Empresa de forma inmediata de modo que pueda hacerse efectiva la respuesta.<\/li>\n\n\n\n<li>Informar a la empresa, tan pronto tenga conocimiento, de desviaciones de lo establecido en esta pol\u00edtica, en particular de \u201cviolaciones de seguridad de los datos personales\u201d, utilizando para ello el formato establecido al efecto.<\/li>\n<\/ul>\n\n\n\n<ol start=\"7\" class=\"wp-block-list\">\n<li><strong>Control y evaluaci\u00f3n<\/strong><\/li>\n<\/ol>\n\n\n\n<p>Se realizar\u00e1 una verificaci\u00f3n, evaluaci\u00f3n y valoraci\u00f3n anual, o cada vez que haya cambios significativos en los tratamientos de datos, de la eficacia de las medidas t\u00e9cnicas y organizativas para garantizar la seguridad del tratamiento.<\/p>\n\n\n\n<p>ALJAOLIVA S.L.<\/p>\n","protected":false},"excerpt":{"rendered":"<p>POL\u00cdTICA DE PROTECCI\u00d3N DE DATOS DE CAR\u00c1CTER PERSONAL ALJAOLIVA S.L. es una organizaci\u00f3n en la que se dan actividades de tratamientos de datos de car\u00e1cter personal, lo que le atribuye una importante responsabilidad en el dise\u00f1o y organizaci\u00f3n de procedimientos de modo que est\u00e9n alineados con el cumplimiento legal en esta materia. En el ejercicio [&hellip;]<\/p>\n","protected":false},"author":1,"featured_media":0,"parent":0,"menu_order":0,"comment_status":"closed","ping_status":"closed","template":"","meta":{"_joinchat":[],"footnotes":""},"class_list":["post-288","page","type-page","status-publish","hentry"],"_links":{"self":[{"href":"https:\/\/almazarapamisamigos.com\/index.php?rest_route=\/wp\/v2\/pages\/288","targetHints":{"allow":["GET"]}}],"collection":[{"href":"https:\/\/almazarapamisamigos.com\/index.php?rest_route=\/wp\/v2\/pages"}],"about":[{"href":"https:\/\/almazarapamisamigos.com\/index.php?rest_route=\/wp\/v2\/types\/page"}],"author":[{"embeddable":true,"href":"https:\/\/almazarapamisamigos.com\/index.php?rest_route=\/wp\/v2\/users\/1"}],"replies":[{"embeddable":true,"href":"https:\/\/almazarapamisamigos.com\/index.php?rest_route=%2Fwp%2Fv2%2Fcomments&post=288"}],"version-history":[{"count":1,"href":"https:\/\/almazarapamisamigos.com\/index.php?rest_route=\/wp\/v2\/pages\/288\/revisions"}],"predecessor-version":[{"id":289,"href":"https:\/\/almazarapamisamigos.com\/index.php?rest_route=\/wp\/v2\/pages\/288\/revisions\/289"}],"wp:attachment":[{"href":"https:\/\/almazarapamisamigos.com\/index.php?rest_route=%2Fwp%2Fv2%2Fmedia&parent=288"}],"curies":[{"name":"wp","href":"https:\/\/api.w.org\/{rel}","templated":true}]}}