{"id":286,"date":"2025-09-25T13:50:51","date_gmt":"2025-09-25T13:50:51","guid":{"rendered":"https:\/\/almazarapamisamigos.com\/?page_id=286"},"modified":"2025-09-25T13:50:51","modified_gmt":"2025-09-25T13:50:51","slug":"aviso-legal","status":"publish","type":"page","link":"https:\/\/almazarapamisamigos.com\/?page_id=286","title":{"rendered":"Aviso Legal"},"content":{"rendered":"\n<p>En cumplimiento de la Ley 34\/2002, de 11 de julio, de servicios de la sociedad de la informaci\u00f3n y de comercio electr\u00f3nico (LSSI), le informamos de que:<\/p>\n\n\n\n<p>ALJAOLIVA (en adelante ALJAOLIVA), es una S.L.. Su NIF es B91222729 y tiene su domicilio en C\/ MAESTRO JOAQU\u00cdN DE LA ORDEN, 23 &#8211; 41909 SALTERAS (SEVILLA). Consta inscrita en el Registro Mercantil de SEVILLA al libro 0, tomo 3519, folio 119, hoja SE &#8211; 49194.<\/p>\n\n\n\n<p><strong>Datos de contacto:<\/strong><\/p>\n\n\n\n<p>Tel\u00e9fono: 955707669<br>E-mail: web@aljaoliva.com<\/p>\n\n\n\n<p><strong>Condiciones generales de uso del sitio web ALJAOLIVA<\/strong><\/p>\n\n\n\n<p>El nombre de dominio https:\/\/almazarapamisamigos.com\/ es titularidad de ALJAOLIVA y su uso exclusivo est\u00e1 reservado a \u00e9ste.<\/p>\n\n\n\n<p>El portal oficial de https:\/\/almazarapamisamigos.com\/, tiene por objeto facilitar al p\u00fablico en general, el conocimiento de las actividades que esta Organizaci\u00f3n realiza y de los productos y servicios que presta en materia de COMERCIO AL POR MAYOR DE ACEITUNAS, Y FABRICACI\u00d3N Y ENVASADO DE ACEITE DE OLIVA VIRGEN EXTRA.<\/p>\n\n\n\n<p>El uso de este sitio Web implica la expresa y plena aceptaci\u00f3n de las condiciones aqu\u00ed expuestas, sin perjuicio de aquellas particulares que pudieran aplicarse a algunos de los productos o servicios concretos ofrecidos a trav\u00e9s del sitio Web.<\/p>\n\n\n\n<p>ALJAOLIVA se reserva la facultad de efectuar, en cualquier momento y sin necesidad de previo aviso, modificaciones y actualizaciones de la informaci\u00f3n contenida en su Web o en la configuraci\u00f3n y presentaci\u00f3n de \u00e9sta.<\/p>\n\n\n\n<p>Con objeto de mantener actualizada la informaci\u00f3n publicada en el portal, los contenidos del mismo podr\u00e1n ser modificados, corregidos, eliminados o a\u00f1adidos en cualquier momento, por lo que ser\u00e1 conveniente comprobar la vigencia o exactitud de los mismos acudiendo a las fuentes oficiales.<\/p>\n\n\n\n<p><strong>Propiedad intelectual, industrial y frames<\/strong><\/p>\n\n\n\n<p>Todos los elementos que forman el sitio Web, as\u00ed como su estructura, dise\u00f1o, c\u00f3digo fuente, as\u00ed como los logos, marcas y dem\u00e1s signos distintivos que aparecen en la misma, son titularidad de ALJAOLIVA o de sus colaboradores y est\u00e1n protegidos por los correspondientes derechos de propiedad intelectual e industrial.<\/p>\n\n\n\n<p>Igualmente est\u00e1n protegidos por los correspondientes derechos de propiedad intelectual e industrial las im\u00e1genes y otros elementos gr\u00e1ficos contenidos en los portales.<\/p>\n\n\n\n<p>ALJAOLIVA proh\u00edbe expresamente la realizaci\u00f3n de \u201cframings\u201d o la utilizaci\u00f3n por parte de terceros de cualquier otro mecanismo que altere el dise\u00f1o, configuraci\u00f3n original o contenidos de nuestros portales.<\/p>\n\n\n\n<p>El uso de los contenidos deber\u00e1 respetar su licenciamiento particular. De tal modo su uso, reproducci\u00f3n, distribuci\u00f3n, comunicaci\u00f3n p\u00fablica, transformaci\u00f3n o cualquier otra actividad similar o an\u00e1loga, queda totalmente prohibida salvo que medie previa y expresa autorizaci\u00f3n de ALJAOLIVA.<\/p>\n\n\n\n<p>Respecto a las citas de noticias, productos y servicios de terceros, que puedan aparecer en la Web, ALJAOLIVA reconoce a favor de sus titulares los correspondientes derechos de propiedad industrial e intelectual, no implicando su sola menci\u00f3n o aparici\u00f3n en la Web la existencia de derechos ni de responsabilidad alguna sobre los mismos, como tampoco respaldo, patrocinio o recomendaci\u00f3n.<\/p>\n\n\n\n<p>ALJAOLIVA declara su respeto a los derechos de propiedad intelectual e industrial de terceros; por ello, si considera que nuestros portales pudieran estar violando sus derechos, rogamos se ponga en contacto con ALJAOLIVA.<\/p>\n\n\n\n<p><strong>Responsabilidad<\/strong><\/p>\n\n\n\n<p>ALJAOLIVA no garantiza la inexistencia de errores en el acceso a la Web, en su contenido, ni que \u00e9ste se encuentre actualizado, aunque ALJAOLIVA desarrollar\u00e1 sus mejores esfuerzos para, en su caso, evitarlos, subsanarlos o actualizarlos.<\/p>\n\n\n\n<p>Tanto el acceso a los portales de ALJAOLIVA como el uso que pueda hacerse de la informaci\u00f3n contenida en los mismos es de la exclusiva responsabilidad de quien lo realiza.<\/p>\n\n\n\n<p>ALJAOLIVA no se hace responsable de los posibles errores de seguridad que se puedan producir ni de los posibles da\u00f1os que puedan causarse al sistema inform\u00e1tico del usuario (hardware y software), los ficheros o documentos almacenados en el mismo como consecuencia de la presencia de virus en el ordenador del usuario utilizado para la conexi\u00f3n a los servicios y contenidos de la Web, de un mal funcionamiento del navegador o del uso de versiones no actualizadas del mismo.<\/p>\n\n\n\n<p>ALJAOLIVA no se hace responsable de la informaci\u00f3n y contenidos almacenados, a t\u00edtulo enunciativo pero no limitativo, en foros, chats, blogs, comentarios, redes sociales o cualesquiera otro medio que permita a terceros publicar contenidos de forma independiente en la p\u00e1gina web de ALJAOLIVA.<\/p>\n\n\n\n<p>No obstante y en cumplimiento de lo dispuesto en la LSSI, ALJAOLIVA se pone a disposici\u00f3n de todos los usuarios, autoridades y fuerzas de seguridad, y colaborando de forma activa en la retirada o en su caso bloqueo de todos aquellos contenidos que pudieran afectar o contravenir la legislaci\u00f3n nacional, o internacional, derechos de terceros o la moral y el orden p\u00fablico. En caso de que el usuario considere que existe en el sitio web alg\u00fan contenido que pudiera ser susceptible de esta clasificaci\u00f3n, rogamos se ponga en contacto con ALJAOLIVA.<\/p>\n\n\n\n<p><strong>Links o hiperenlaces<\/strong><\/p>\n\n\n\n<p>La Web puede contener enlaces a contenidos que dirijan a contenidos Web de terceros. El objetivo de dichos enlaces es \u00fanicamente facilitarle la b\u00fasqueda de los recursos que le puedan interesar a trav\u00e9s de Internet. No obstante, dichas p\u00e1ginas no pertenecen a ALJAOLIVA, ni hace una revisi\u00f3n de sus contenidos y, por ello, ALJAOLIVA no asume ninguna responsabilidad por el contenido, informaciones o servicios que pudieran aparecer en dichos sitios, que tendr\u00e1n exclusivamente car\u00e1cter informativo y que en ning\u00fan caso implican relaci\u00f3n alguna entre ALJAOLIVA y a las personas o entidades titulares de tales contenidos o titulares de los sitios donde se encuentren. ALJAOLIVA tampoco puede hacerse responsable del funcionamiento de la p\u00e1gina enlazada o de los posibles da\u00f1os que puedan derivarse del acceso o uso de la misma.<\/p>\n\n\n\n<p>Los enlaces a la web de ALJAOLIVA deber\u00e1n respetar las siguientes condiciones:<\/p>\n\n\n\n<ol class=\"wp-block-list\">\n<li>El establecimiento del enlace no supondr\u00e1 per se ning\u00fan tipo de acuerdo, contrato, patrocinio ni recomendaci\u00f3n por parte de ALJAOLIVA de la p\u00e1gina que realiza el enlace.<\/li>\n\n\n\n<li>La p\u00e1gina web en la que se establezca el hiperenlace no contendr\u00e1 informaciones con contenidos que sean il\u00edcitos, discriminatorios, contrarios a los principios \u00e9ticos com\u00fanmente aceptados o atenten contra el orden p\u00fablico, as\u00ed como tampoco contendr\u00e1 contenidos contrarios a cualesquiera derechos de terceros.<\/li>\n\n\n\n<li>ALJAOLIVA podr\u00e1 solicitar que se retire un enlace a su web, sin necesidad de alegar causa alguna. En tal caso, la p\u00e1gina que haya realizado el enlace deber\u00e1 proceder a su inmediata supresi\u00f3n, tan pronto como reciba la notificaci\u00f3n ALJAOLIVA.<\/li>\n\n\n\n<li>No se responsabiliza en modo alguno ni garantiza la calidad, exactitud, fiabilidad, correcci\u00f3n o moralidad de contenidos o servicios que el establecimiento del hiperenlace pueda ofrecer. El usuario asume bajo su exclusiva responsabilidad las consecuencias, da\u00f1os o acciones que pudieran derivarse del acceso a la p\u00e1gina web del hiperenlace.<\/li>\n<\/ol>\n\n\n\n<p><strong>Protecci\u00f3n de Datos Personales<\/strong><\/p>\n\n\n\n<p>ALJAOLIVA se encuentra profundamente comprometido con el cumplimiento de la normativa de protecci\u00f3n de datos de car\u00e1cter personal y garantiza el cumplimiento \u00edntegro de las obligaciones dispuestas, as\u00ed como la implementaci\u00f3n de las medidas de seguridad apropiadas para garantizar un nivel de seguridad adecuado al riesgo.<\/p>\n\n\n\n<p>ALJAOLIVA pone a disposici\u00f3n de los usuarios su Pol\u00edtica de Privacidad y le ofrece informaci\u00f3n ampliada del tratamiento de datos realizado por la Entidad.<\/p>\n\n\n\n<p><strong>Ley aplicable y jurisdicci\u00f3n<\/strong><\/p>\n\n\n\n<p>La ley aplicable en caso de disputa o conflicto de interpretaci\u00f3n de los t\u00e9rminos que conforman este Aviso Legal, as\u00ed como cualquier cuesti\u00f3n relacionada con los servicios del presente Portal, ser\u00e1 la ley espa\u00f1ola. Para la resoluci\u00f3n de cualquier conflicto que pueda surgir con ocasi\u00f3n de la visita al portal o del uso de los servicios que en \u00e9l se puedan ofertar, ALJAOLIVA y el usuario acuerdan someterse a los jueces y tribunales del domicilio de ALJAOLIVA.<\/p>\n","protected":false},"excerpt":{"rendered":"<p>En cumplimiento de la Ley 34\/2002, de 11 de julio, de servicios de la sociedad de la informaci\u00f3n y de comercio electr\u00f3nico (LSSI), le informamos de que: ALJAOLIVA (en adelante ALJAOLIVA), es una S.L.. Su NIF es B91222729 y tiene su domicilio en C\/ MAESTRO JOAQU\u00cdN DE LA ORDEN, 23 &#8211; 41909 SALTERAS (SEVILLA). Consta [&hellip;]<\/p>\n","protected":false},"author":1,"featured_media":0,"parent":0,"menu_order":0,"comment_status":"closed","ping_status":"closed","template":"","meta":{"_joinchat":[],"footnotes":""},"class_list":["post-286","page","type-page","status-publish","hentry"],"_links":{"self":[{"href":"https:\/\/almazarapamisamigos.com\/index.php?rest_route=\/wp\/v2\/pages\/286","targetHints":{"allow":["GET"]}}],"collection":[{"href":"https:\/\/almazarapamisamigos.com\/index.php?rest_route=\/wp\/v2\/pages"}],"about":[{"href":"https:\/\/almazarapamisamigos.com\/index.php?rest_route=\/wp\/v2\/types\/page"}],"author":[{"embeddable":true,"href":"https:\/\/almazarapamisamigos.com\/index.php?rest_route=\/wp\/v2\/users\/1"}],"replies":[{"embeddable":true,"href":"https:\/\/almazarapamisamigos.com\/index.php?rest_route=%2Fwp%2Fv2%2Fcomments&post=286"}],"version-history":[{"count":1,"href":"https:\/\/almazarapamisamigos.com\/index.php?rest_route=\/wp\/v2\/pages\/286\/revisions"}],"predecessor-version":[{"id":287,"href":"https:\/\/almazarapamisamigos.com\/index.php?rest_route=\/wp\/v2\/pages\/286\/revisions\/287"}],"wp:attachment":[{"href":"https:\/\/almazarapamisamigos.com\/index.php?rest_route=%2Fwp%2Fv2%2Fmedia&parent=286"}],"curies":[{"name":"wp","href":"https:\/\/api.w.org\/{rel}","templated":true}]}}